{"id":5586,"date":"2019-02-05T12:22:16","date_gmt":"2019-02-05T12:22:16","guid":{"rendered":"https:\/\/amarenak.com\/product\/arratiarra-luze\/"},"modified":"2024-04-15T10:36:04","modified_gmt":"2024-04-15T10:36:04","slug":"arratiarra-gaua-beltza","status":"publish","type":"product","link":"https:\/\/amarenak.com\/fr\/producto\/toutes\/arratiarra-gaua-beltza\/","title":{"rendered":"ARRATIARRA GAUA BELTZA"},"content":{"rendered":"<div class=\"wpb-content-wrapper\"><p>[vc_row][vc_column width=\u00a0\u00bb1\/2&Prime;][vc_column_text]<\/p>\n<h6><strong><em>L\u2019Histoire<\/em><\/strong><\/h6>\n<p>L\u2019<em>arratiarra<\/em> tient son nom de la vall\u00e9e d\u2019Arratia (en Biscaye). Elle \u00e9tait port\u00e9e <strong>au XIX<sup>e<\/sup> si\u00e8cle par les hommes de cette r\u00e9gion le jour de leur mariage<\/strong>. C\u2019\u00e9tait l\u2019un des rares v\u00eatements qu\u2019ils faisaient confectionner par un tailleur professionnel, avec de la laine venant de Castille, c\u2019est pourquoi elle faisait \u00e0 jamais partie <strong>des habits de valeur,<\/strong> r\u00e9serv\u00e9s uniquement aux grandes occasions et aux \u00e9v\u00e9nements sp\u00e9ciaux.<\/p>\n<p><strong>L\u2019<em>arratiarra<\/em> avait disparu<\/strong> \u00e0 cause de la guerre et du passage du temps\u00a0; \u00e0 peine deux exemplaires ont subsist\u00e9, dans un \u00e9tat tr\u00e8s d\u00e9licat. \u00c0 partir de ces exemples et de divers documents, nous avons r\u00e9cup\u00e9r\u00e9 la veste en maintenant son style traditionnel et en y apportant des innovations, comme une coupe plus actuelle et de nouvelles couleurs, pour que vous puissiez continuer \u00e0 porter sur vous cette histoire.[\/vc_column_text][\/vc_column][vc_column width=\u00a0\u00bb1\/2&Prime;][vc_single_image image=\u00a0\u00bb6665&Prime; img_size=\u00a0\u00bblarge\u00a0\u00bb][\/vc_column][\/vc_row][vc_row][vc_column width=\u00a0\u00bb1\/2&Prime;][vc_single_image image=\u00a0\u00bb5961&Prime; img_size=\u00a0\u00bblarge\u00a0\u00bb][\/vc_column][vc_column width=\u00a0\u00bb1\/2&Prime;][vc_column_text]<\/p>\n<h6><strong>Tissus et entretien<\/strong><\/h6>\n<ul>\n<li><em>Composition du tissu : 100 % laine m\u00e9rinos<\/em><\/li>\n<li><em>Int\u00e9rieur : doublure jacquard 100% poliester<\/em><em>\u00a0<\/em><\/li>\n<\/ul>\n<p><strong>La laine <\/strong>est un des tissus naturels les plus incroyables qui existent. Biod\u00e9gradable et durable. Elle est g\u00e9n\u00e9ralement obtenue des brebis, qu\u2019elle maintient au chaud l\u2019hiver. Ses propri\u00e9t\u00e9s sont spectaculaires, surtout pour les habits d\u2019ext\u00e9rieur, car elle r\u00e9gule naturellement la temp\u00e9rature en vous maintenant sec et au chaud l\u2019hiver, absorbe l\u2019humidit\u00e9 et est r\u00e9sistante aux odeurs, \u00e0 la moisissure et aux taches.<\/p>\n<p><strong>Dans le secteur de la laine, la laine m\u00e9rinos<\/strong> est aussi consid\u00e9r\u00e9e comme l\u2019une des meilleures \u00e0 cause de sa finesse et de sa douceur. Pour sa transformation en drap, le tissu est soumis \u00e0 une s\u00e9rie de processus m\u00e9caniques qui compactent la laine, la rendant pratiquement imperm\u00e9able \u00e0 l\u2019eau et herm\u00e9tique au vent.<\/p>\n<p><strong>Entretien\u00a0:<\/strong> Il est conseill\u00e9 de ne pas laver trop souvent votre v\u00eatement, seulement si c\u2019est vraiment n\u00e9cessaire. Lavez-le \u00e0 sec une fois la saison termin\u00e9e et rangez-le, de pr\u00e9f\u00e9rence sur un cintre, dans un endroit sec et ventil\u00e9, \u00e0 l\u2019abri de la lumi\u00e8re directe du soleil, jusqu\u2019\u00e0 l\u2019ann\u00e9e suivante.[\/vc_column_text][\/vc_column][\/vc_row][vc_row][vc_column width=\u00a0\u00bb1\/2&Prime;][vc_column_text]<\/p>\n<h6><strong>Tra\u00e7abilit\u00e9 et D\u00e9veloppement durable<\/strong><\/h6>\n<p>Le drap de laine de ce v\u00eatement <strong>a \u00e9t\u00e9 fil\u00e9 et tiss\u00e9 dans un village du L\u00e9on<\/strong>, par une des rares entreprises qui subsistent encore en Espagne. La laine provient de troupeaux de Palencia et d\u2019Estr\u00e9madure, o\u00f9 les droits des animaux sont respect\u00e9s.<\/p>\n<p>Ce v\u00eatement a \u00e9t\u00e9 confectionn\u00e9 avec amour et <strong>suivant des m\u00e9thodes artisanales<\/strong> par des tailleurs et des couturi\u00e8res de Guip\u00fazcoa (Pays Basque).<\/p>\n<p>Certains des mod\u00e8les ne sont <strong>produits que sur commande<\/strong> afin d\u2019\u00e9viter la surproduction et de gaspiller le tissu. Ce proc\u00e9d\u00e9 re\u00e7oit le nom de <strong>#SlowFashion<\/strong> ou \u00ab mode lente \u00bb.[\/vc_column_text][\/vc_column][vc_column width=\u00a0\u00bb1\/2&Prime;][vc_single_image image=\u00a0\u00bb5965&Prime; img_size=\u00a0\u00bblarge\u00a0\u00bb][\/vc_column][\/vc_row]<\/p>\n<\/div>","protected":false},"excerpt":{"rendered":"<p>\u00c9l\u00e9gante veste en drap de laine m\u00e9rinos, au tomb\u00e9 net et compact qui met en valeur la silhouette. Tr\u00e8s chaude et id\u00e9ale pour vos sorties d\u2019hiver\u00a0: d\u00eeners d\u2019entreprise, r\u00e9veillons de fin d\u2019ann\u00e9e ou mariages.<\/p>\n<p>La coupe est droite et l\u00e9g\u00e8rement \u00e9vas\u00e9e avec des fentes sur les c\u00f4t\u00e9s et au milieu du dos. Grandes poches int\u00e9rieures \u00e0 rabat et ornements en passementerie en coton. La veste est doubl\u00e9e.<\/p>\n<p>Confectionn\u00e9e avec amour au Pays Basque.<\/p>\n<p style=\"font-size: 11px;\">* Izaskun mesure 1,75 m et porte une taille M. Si vous voulez un taille sp\u00e9ciale, <a href=\"https:\/\/amarenak.com\/fr\/prendre-rdv\/\">\u00e9crivez-nous<\/a>. .<\/p>\n","protected":false},"featured_media":14725,"comment_status":"closed","ping_status":"closed","template":"","meta":{"_joinchat":[]},"product_brand":[],"product_cat":[329,569,331,370,1315],"product_tag":[],"class_list":{"0":"post-5586","1":"product","2":"type-product","3":"status-publish","4":"has-post-thumbnail","6":"product_cat-toutes","7":"product_cat-automne-hiver","8":"product_cat-femme","9":"product_cat-arratiarra-fr","10":"product_cat-dernieres-unites","12":"first","13":"outofstock","14":"taxable","15":"shipping-taxable","16":"purchasable","17":"product-type-variable"},"aioseo_notices":[],"jetpack_sharing_enabled":true,"_links":{"self":[{"href":"https:\/\/amarenak.com\/fr\/wp-json\/wp\/v2\/product\/5586","targetHints":{"allow":["GET"]}}],"collection":[{"href":"https:\/\/amarenak.com\/fr\/wp-json\/wp\/v2\/product"}],"about":[{"href":"https:\/\/amarenak.com\/fr\/wp-json\/wp\/v2\/types\/product"}],"replies":[{"embeddable":true,"href":"https:\/\/amarenak.com\/fr\/wp-json\/wp\/v2\/comments?post=5586"}],"wp:featuredmedia":[{"embeddable":true,"href":"https:\/\/amarenak.com\/fr\/wp-json\/wp\/v2\/media\/14725"}],"wp:attachment":[{"href":"https:\/\/amarenak.com\/fr\/wp-json\/wp\/v2\/media?parent=5586"}],"wp:term":[{"taxonomy":"product_brand","embeddable":true,"href":"https:\/\/amarenak.com\/fr\/wp-json\/wp\/v2\/product_brand?post=5586"},{"taxonomy":"product_cat","embeddable":true,"href":"https:\/\/amarenak.com\/fr\/wp-json\/wp\/v2\/product_cat?post=5586"},{"taxonomy":"product_tag","embeddable":true,"href":"https:\/\/amarenak.com\/fr\/wp-json\/wp\/v2\/product_tag?post=5586"}],"curies":[{"name":"wp","href":"https:\/\/api.w.org\/{rel}","templated":true}]}}