{"id":15303,"date":"2023-09-25T10:21:05","date_gmt":"2023-09-25T10:21:05","guid":{"rendered":"https:\/\/amarenak.com\/product\/pantalon-elkano-fr\/"},"modified":"2024-04-10T11:43:37","modified_gmt":"2024-04-10T11:43:37","slug":"pantalon-elkano-fr","status":"publish","type":"product","link":"https:\/\/amarenak.com\/fr\/producto\/toutes\/pantalon-elkano-fr\/","title":{"rendered":"PANTALON ELKANO"},"content":{"rendered":"<div class=\"wpb-content-wrapper\"><p>[vc_row][vc_column width=\u00a0\u00bb1\/2&Prime;][vc_column_text]<\/p>\n<h6>L&rsquo;histoire<\/h6>\n<p>\u00ab\u00a0Primus circumdedisti me\u00a0\u00bb, tu as \u00e9t\u00e9 le premier \u00e0 me contourner. C&rsquo;est ainsi que l&rsquo;on peut lire l&rsquo;inscription sur le blason que l&#8217;empereur Charles V a donn\u00e9 \u00e0 <strong>Juan Sebasti\u00e1n Elkano apr\u00e8s avoir accompli le premier tour du monde<\/strong>. Il reconna\u00eet ainsi l&rsquo;exploit du navigateur basque, arriv\u00e9 \u00e0 Sanl\u00facar de Barrameda le 6 septembre 1522 \u00e0 bord du navire Victoria, trois ans apr\u00e8s avoir pris la mer, le 10 ao\u00fbt 1519.<\/p>\n<p><strong>500 ans plus tard<\/strong>, depuis Amarenak, nous voulons nous souvenir et rendre hommage \u00e0 ce personnage et au reste des marins basques du XVIe si\u00e8cle, en ramenant \u00e0 nos jours et \u00e0 nos armoires certains de ses v\u00eatements.[\/vc_column_text][\/vc_column][vc_column width=\u00a0\u00bb1\/2&Prime;][vc_single_image image=\u00a0\u00bb11246&Prime; img_size=\u00a0\u00bblarge\u00a0\u00bb add_caption=\u00a0\u00bbyes\u00a0\u00bb][\/vc_column][\/vc_row][vc_row][vc_column width=\u00a0\u00bb1\/2&Prime;][vc_single_image image=\u00a0\u00bb6129&Prime; img_size=\u00a0\u00bblarge\u00a0\u00bb][\/vc_column][vc_column width=\u00a0\u00bb1\/2&Prime;][vc_column_text]<\/p>\n<h6>Durabilit\u00e9 et tissu.<\/h6>\n<ul>\n<li><em>Composition du tissu : 100% coton biologique GOTS<\/em><\/li>\n<\/ul>\n<p><strong>Le coton<\/strong> est le tissu v\u00e9g\u00e9tal le plus courant. Cela est d\u00fb \u00e0 ses nombreuses propri\u00e9t\u00e9s. C\u2019est une fibre tr\u00e8s respirante, qui absorbe l\u2019humidit\u00e9 et la transpiration. Les tissus en coton sont \u00e9galement tr\u00e8s doux, r\u00e9sistants et agr\u00e9ables au toucher.<\/p>\n<p><strong>Le Global Organic Textile Standard (GOTS)<\/strong> est la principale norme mondiale pour le traitement des textiles fabriqu\u00e9s \u00e0 partir de fibres biologiques, qui comprend des crit\u00e8res \u00e9cologiques et sociaux.<\/p>\n<p><strong>Entretien<\/strong> : Lavage en machine \u00e0 30\u00ba avec des couleurs similaires. Le v\u00eatement peut r\u00e9tr\u00e9cir apr\u00e8s le premier lavage.<br \/>\n[\/vc_column_text][\/vc_column][\/vc_row][vc_row][vc_column width=\u00a0\u00bb1\/2&Prime;][vc_column_text]<\/p>\n<h6><strong>Tra\u00e7abilit\u00e9 et durabilit\u00e9<\/strong><\/h6>\n<p>Le tissu en coton biologique de ce v\u00eatement a <strong>\u00e9t\u00e9 tiss\u00e9 \u00e0 Santander (Cantabrie, Espagne)<\/strong>. Il est \u00e9galement con\u00e7u avec la philosophie #zerowaste, qui consiste \u00e0 tirer le meilleur parti de tout le tissu et \u00e0 \u00e9viter ainsi les d\u00e9chets.<\/p>\n<p>Il a \u00e9t\u00e9 confectionn\u00e9 avec amour dans l&rsquo;un de nos ateliers de Saragosse, <strong>\u00e0 moins de 200 km de Saint-S\u00e9bastien.<\/strong><\/p>\n<p>Le reste des \u00e9l\u00e9ments et <strong>des garnitures sont \u00e9galement d&rsquo;origine locale.<\/strong><br \/>\n[\/vc_column_text][\/vc_column][vc_column width=\u00a0\u00bb1\/2&Prime;][vc_single_image image=\u00a0\u00bb15168&Prime; img_size=\u00a0\u00bblarge\u00a0\u00bb][\/vc_column][\/vc_row][vc_row][vc_column][vc_column_text]<\/p>\n<h6>REMERCIEMENTS :<\/h6>\n<p>Cette collection a \u00e9t\u00e9 rendue possible par :[\/vc_column_text][\/vc_column][\/vc_row][vc_row][vc_column width=\u00a0\u00bb1\/2&Prime;][vc_single_image image=\u00a0\u00bb8796&Prime; img_size=\u00a0\u00bbfull\u00a0\u00bb][\/vc_column][vc_column width=\u00a0\u00bb1\/2&Prime;][vc_single_image image=\u00a0\u00bb7658&Prime; img_size=\u00a0\u00bbfull\u00a0\u00bb][\/vc_column][\/vc_row][vc_row][vc_column][vc_column_text]Cette histoire a \u00e9t\u00e9 financ\u00e9e par crowdfunding par toutes ces personnes. Des millions de mercis \u00e0 tous ceux qui nous ont aid\u00e9s \u00e0 faire descendre ces nouvelles #historiasquesellevanpuestas dans les rues :[\/vc_column_text][\/vc_column][\/vc_row][vc_row][vc_column width=\u00a0\u00bb1\/2&Prime;][vc_column_text]<\/p>\n<p>Uxue Ortega<br \/>\nNagore Otsoa<br \/>\nSof\u00eda Pe\u00f1a<br \/>\nRicardo Ulises Larrechea<br \/>\nMaia Apaolaza<br \/>\nONBIZI<br \/>\nMabel Mendiguren<br \/>\nAne Urtizberea<br \/>\nMarta S\u00e1ez<br \/>\nLara<br \/>\nOUA<br \/>\nCarla Libertad Avenue<br \/>\nArrate<br \/>\nMar\u00edapolite<br \/>\nXi Lu Gu<br \/>\nMar izquierdo<br \/>\nJosean Rodriguez<br \/>\nBe\u00f1at Gereka<br \/>\nTeresa Fdez.<br \/>\nMarina Laura S.<br \/>\nLore<br \/>\nNagore Otsoa<br \/>\nJes\u00fas Lacorte<br \/>\nLeire Jaime<br \/>\nGarbi\u00f1e de la Granja<br \/>\nZuri Arte<br \/>\nBea Arrazola<br \/>\nJavier Bueno<br \/>\nJorge Valiente<br \/>\nTamara Morales<\/p>\n<p>[\/vc_column_text][\/vc_column][vc_column width=\u00a0\u00bb1\/2&Prime;][vc_column_text]<\/p>\n<p>Izadi<br \/>\nSusana L\u00f3pez Arzac<br \/>\nNaiara Pardo<br \/>\nLaura G<br \/>\nAlberto Cubillas Alvarez<br \/>\ninaki_p_a<br \/>\nFamilia Velez<br \/>\nLourdes Aguirre<br \/>\nMatxalen MI<br \/>\nFamilia Sanz &amp; Larretxea<br \/>\nMortzel<br \/>\nJuantxo Bengoetxea<br \/>\nIone<br \/>\nElena Carbajosa<br \/>\nJon Alberdi<br \/>\nNuna Arrea<br \/>\nOihane L.G.<br \/>\nMaritoni<br \/>\nNora Alvarez de Eulate San Jose<br \/>\nAgurtzane<br \/>\nIon Mikel<br \/>\nPe\u00f1ita 104<br \/>\nBasque Bites<br \/>\nNess by Esti Garc\u00eda<br \/>\nGaler\u00eda 8360<br \/>\nMarta Vega<br \/>\nXabier Aizpuru<br \/>\nJoakin Larretxea<\/p>\n<p>[\/vc_column_text][\/vc_column][\/vc_row]<\/p>\n<\/div>","protected":false},"excerpt":{"rendered":"<p>Pantalon unisexe \u00e0 taille haute, ajust\u00e9 \u00e0 la taille et inspir\u00e9 de ceux port\u00e9s par les hommes \u00e0 la campagne et en mer, connu sous le nom de \u00ab\u00a0praka-mantala\u00a0\u00bb en raison de sa fermeture \u00e0 bouton caract\u00e9ristique sur le devant. Fermeture lat\u00e9rale \u00e0 glissi\u00e8re et 2 poches lat\u00e9rales. Coton biologique certifi\u00e9 GOTS.<\/p>\n<p>Fabriqu\u00e9 avec amour en Espagne.<\/p>\n","protected":false},"featured_media":15204,"comment_status":"open","ping_status":"closed","template":"","meta":{"_joinchat":[]},"product_brand":[],"product_cat":[329,569,565,331,379,696],"product_tag":[890,835,836,893,834,845,892,889,841,891,842],"class_list":{"0":"post-15303","1":"product","2":"type-product","3":"status-publish","4":"has-post-thumbnail","6":"product_cat-toutes","7":"product_cat-automne-hiver","8":"product_cat-printemps-ete","9":"product_cat-femme","10":"product_cat-homme","11":"product_cat-elkano-fr","12":"product_tag-biologique","13":"product_tag-bleu","14":"product_tag-boutons","15":"product_tag-camel-fr","16":"product_tag-coton","17":"product_tag-durable","18":"product_tag-elkano-fr","19":"product_tag-gots-fr","20":"product_tag-marin","21":"product_tag-pantalon-fr","22":"product_tag-unisex-fr","24":"first","25":"outofstock","26":"taxable","27":"shipping-taxable","28":"purchasable","29":"product-type-variable"},"aioseo_notices":[],"jetpack_sharing_enabled":true,"_links":{"self":[{"href":"https:\/\/amarenak.com\/fr\/wp-json\/wp\/v2\/product\/15303","targetHints":{"allow":["GET"]}}],"collection":[{"href":"https:\/\/amarenak.com\/fr\/wp-json\/wp\/v2\/product"}],"about":[{"href":"https:\/\/amarenak.com\/fr\/wp-json\/wp\/v2\/types\/product"}],"replies":[{"embeddable":true,"href":"https:\/\/amarenak.com\/fr\/wp-json\/wp\/v2\/comments?post=15303"}],"wp:featuredmedia":[{"embeddable":true,"href":"https:\/\/amarenak.com\/fr\/wp-json\/wp\/v2\/media\/15204"}],"wp:attachment":[{"href":"https:\/\/amarenak.com\/fr\/wp-json\/wp\/v2\/media?parent=15303"}],"wp:term":[{"taxonomy":"product_brand","embeddable":true,"href":"https:\/\/amarenak.com\/fr\/wp-json\/wp\/v2\/product_brand?post=15303"},{"taxonomy":"product_cat","embeddable":true,"href":"https:\/\/amarenak.com\/fr\/wp-json\/wp\/v2\/product_cat?post=15303"},{"taxonomy":"product_tag","embeddable":true,"href":"https:\/\/amarenak.com\/fr\/wp-json\/wp\/v2\/product_tag?post=15303"}],"curies":[{"name":"wp","href":"https:\/\/api.w.org\/{rel}","templated":true}]}}